{"id":105,"date":"2020-05-24T21:43:37","date_gmt":"2020-05-24T19:43:37","guid":{"rendered":"https:\/\/arboreum.fr\/blog\/?page_id=105"},"modified":"2020-05-24T21:46:43","modified_gmt":"2020-05-24T19:46:43","slug":"arts-de-la-table","status":"publish","type":"page","link":"https:\/\/www.arboreum.fr\/blog\/arts-de-la-table\/","title":{"rendered":"Arts de la Table"},"content":{"rendered":"\n<h2>Dressez et d\u00e9corez une table<\/h2>\n\n\n\n<figure class=\"wp-block-image\"><img src=\"https:\/\/www.arboreum.fr\/img\/cms\/Images\/mariage_table.jpg\" alt=\"Table de f\u00eates\"\/><\/figure>\n\n\n\n<p>A l&rsquo;occasion d&rsquo;une f\u00eate, d&rsquo;un repas entre amis, d&rsquo;une r\u00e9ception vous voulez que votre table soit un \u00e9l\u00e9ment r\u00e9ussi de l&rsquo;ambiance et de l&rsquo;accueil de vos invit\u00e9s, pour cela voici quelques r\u00e8gles simples&nbsp;qui combin\u00e9es avec votre sens de la d\u00e9coration cr\u00e9eront une table d\u2019exception.<\/p>\n\n\n\n<h2>La nappe<\/h2>\n\n\n\n<figure class=\"wp-block-image\"><img src=\"https:\/\/www.arboreum.fr\/img\/cms\/Images\/tissu_nappe.png\" alt=\"Tissu lin nappe\"\/><\/figure>\n\n\n\n<p>Le tissu de votre nappe donnera le ton de votre repas, si vous le pouvez ajouter un molleton pour apporter du confort \u00e0 vos convives et repassez votre nappe pour enlever les plis, faites en sorte que la nappe tombe \u00e9l\u00e9gamment de la table et n&rsquo;h\u00e9sitez pas \u00e0 utiliser plusieurs nappes si celles-ci ne recouvrent pas toute la surface de votre table.<\/p>\n\n\n\n<h2>Les assiettes<\/h2>\n\n\n\n<figure class=\"wp-block-image\"><img src=\"https:\/\/www.arboreum.fr\/img\/cms\/Images\/assiette_empile.jpg\" alt=\"Assiettes empil\u00e9es\"\/><\/figure>\n\n\n\n<p>Espacez les assiettes&nbsp;d&rsquo;une coud\u00e9e pour que vos convives soient confortablement install\u00e9s, empilez ensuite l&rsquo;assiette de pr\u00e9sentation, l&rsquo;assiette plate et l&rsquo;assiette creuse. La premi\u00e8re est facultative et n&rsquo;est jamais utilis\u00e9e elle sera enlev\u00e9e au fromage, la seconde portera le plat principal et la derni\u00e8re servira pour le potage en entr\u00e9e.<\/p>\n\n\n\n<p>Enfin vous pouvez rajouter une assiette \u00e0 pain dispos\u00e9e la en haut \u00e0 gauche elle apporte une touche de finesse d\u00e9cisive. N&#8217;empilez jamais plus de 3 assiettes si votre service comporte d&rsquo;avantage de plats d&rsquo;autres assiettes seront apport\u00e9es \u00e0 propos \u00e0 chaque \u00e9tape de votre repas.<\/p>\n\n\n\n<h2>Les couverts<\/h2>\n\n\n\n<figure class=\"wp-block-image\"><img src=\"https:\/\/www.arboreum.fr\/img\/cms\/Images\/couverts.jpg\" alt=\"Couverts\"\/><\/figure>\n\n\n\n<p>De mani\u00e8re assez naturelle les couverts se rangent de l&rsquo;ext\u00e9rieur vers l&rsquo;int\u00e9rieur dans l&rsquo;ordre successif de leur utilisation pendant le repas, en commen\u00e7ant ainsi par l&rsquo;entr\u00e9e, les fourchettes se placent \u00e0 gauche et les couteaux et la grande cuill\u00e8re du potage \u00e0 droite.<\/p>\n\n\n\n<p>En France la fourchette se place dents sur la table pour faire appara\u00eetre les armoiries que votre orf\u00e8vres aura plac\u00e9 au dos de celle-ci et si ce n&rsquo;est pas le cas par tradition.<\/p>\n\n\n\n<p>Les&nbsp;<a href=\"https:\/\/www.arboreum.fr\/porte-couteaux-bois-massif-harmonium\">porte-couteaux<\/a>&nbsp;sont des \u00e9l\u00e9ments de d\u00e9coration, un accessoire pr\u00e9cieux qui apporte&nbsp;au dressage de la table un cachet suppl\u00e9mentaire. Ils permettent aussi de lib\u00e9rer l&rsquo;assiette ou les mains du convive qui ne saurait pas o\u00f9 poser son couteau sans risquer de salir la nappe.<\/p>\n\n\n\n<h2>Les verres<\/h2>\n\n\n\n<figure class=\"wp-block-image\"><img src=\"https:\/\/www.arboreum.fr\/img\/cms\/Images\/verres.jpg\" alt=\"Verres\"\/><\/figure>\n\n\n\n<p>Les verres sont plac\u00e9s en haut \u00e0 gauche des assiettes du plus grand au plus petit en finissant par une fl\u00fbte pour&nbsp;consommer : eau, vin rouge, vin blanc et champagne. On prendra soin de remplir le verre \u00e0 eau d&rsquo;eau avant l&rsquo;arriv\u00e9e des convives.<\/p>\n","protected":false},"excerpt":{"rendered":"<p>Dressez et d\u00e9corez une table A l&rsquo;occasion d&rsquo;une f\u00eate, d&rsquo;un repas entre amis, d&rsquo;une r\u00e9ception vous voulez que votre table soit un \u00e9l\u00e9ment r\u00e9ussi de l&rsquo;ambiance et de l&rsquo;accueil de vos invit\u00e9s, pour cela voici quelques r\u00e8gles simples&nbsp;qui combin\u00e9es avec votre sens de la d\u00e9coration cr\u00e9eront une table d\u2019exception. La nappe Le tissu de votre [&hellip;]<\/p>\n","protected":false},"author":1,"featured_media":0,"parent":0,"menu_order":0,"comment_status":"closed","ping_status":"closed","template":"","meta":[],"aioseo_notices":[],"_links":{"self":[{"href":"https:\/\/www.arboreum.fr\/blog\/wp-json\/wp\/v2\/pages\/105"}],"collection":[{"href":"https:\/\/www.arboreum.fr\/blog\/wp-json\/wp\/v2\/pages"}],"about":[{"href":"https:\/\/www.arboreum.fr\/blog\/wp-json\/wp\/v2\/types\/page"}],"author":[{"embeddable":true,"href":"https:\/\/www.arboreum.fr\/blog\/wp-json\/wp\/v2\/users\/1"}],"replies":[{"embeddable":true,"href":"https:\/\/www.arboreum.fr\/blog\/wp-json\/wp\/v2\/comments?post=105"}],"version-history":[{"count":3,"href":"https:\/\/www.arboreum.fr\/blog\/wp-json\/wp\/v2\/pages\/105\/revisions"}],"predecessor-version":[{"id":108,"href":"https:\/\/www.arboreum.fr\/blog\/wp-json\/wp\/v2\/pages\/105\/revisions\/108"}],"wp:attachment":[{"href":"https:\/\/www.arboreum.fr\/blog\/wp-json\/wp\/v2\/media?parent=105"}],"curies":[{"name":"wp","href":"https:\/\/api.w.org\/{rel}","templated":true}]}}