{"id":2,"date":"2020-04-26T18:36:16","date_gmt":"2020-04-26T16:36:16","guid":{"rendered":"http:\/\/arboreum.fr\/blog\/?page_id=2"},"modified":"2023-03-27T21:25:41","modified_gmt":"2023-03-27T19:25:41","slug":"atelier","status":"publish","type":"page","link":"https:\/\/www.arboreum.fr\/blog\/","title":{"rendered":"L&rsquo;Atelier Arboreum &#8211; une menuiserie au coeur de la Bourgogne"},"content":{"rendered":"\n<figure class=\"wp-block-image\"><img src=\"https:\/\/www.arboreum.fr\/img\/cms\/Images\/vue_village_chevannes_2.JPG\" alt=\"Chevannes Village de Bourgogne\"\/><figcaption>Chevannes village de l&rsquo;Yonne, France<\/figcaption><\/figure>\n\n\n\n<p>Notre menuiserie est install\u00e9e dans un petit village de l&rsquo;Yonne nomm\u00e9 Orgy \u00e0 Chevannes pr\u00e8s d&rsquo;Auxerre. Nous y travaillons le bois depuis plus de 10 ans.<\/p>\n\n\n\n<figure class=\"wp-block-image\"><img src=\"https:\/\/www.arboreum.fr\/img\/cms\/Images\/vue_atelier_etagere_bois_2.JPG\" alt=\"Librairie d'essences de bois\"\/><figcaption>Arboretum : biblioth\u00e8que d&rsquo;essences de bois<\/figcaption><\/figure>\n\n\n\n<p>Notre&nbsp;collection d&rsquo;essences de bois est une biblioth\u00e8que dans laquelle nous puisons notre inspiration. Elle s&rsquo;est remplie au fil des ann\u00e9es guid\u00e9 par la curiosit\u00e9 pour ajouter au fil des occasions une nouvelle texture, une mat\u00e8re, une couleur ou une odeur diff\u00e9rente.<\/p>\n\n\n\n<figure class=\"wp-block-image\"><img src=\"https:\/\/www.arboreum.fr\/img\/cms\/Images\/vue_atelier_rabot_2.JPG\" alt=\"Rabot atelier de menuiserie\"\/><figcaption>Notre passion pour la menuiserie<\/figcaption><\/figure>\n\n\n\n<p>Nos produits sont l&rsquo;expression du go\u00fbt de toute une vie pour la menuiserie, les beaux outils et le travail du bois. Nos&nbsp;<a href=\"https:\/\/www.arboreum.fr\/porte-couteaux-bois-massif-harmonium\">porte-couteaux<\/a>&nbsp;demandent dext\u00e9rit\u00e9 et savoir-faire, c&rsquo;est l&rsquo;ex\u00e9cution parfaite d&rsquo;une forme simple.<\/p>\n\n\n\n<div class=\"wp-block-cover has-background-dim-30 has-background-dim has-custom-content-position is-position-top-left\" style=\"min-height:300px\"><img loading=\"lazy\" width=\"780\" height=\"276\" class=\"wp-block-cover__image-background wp-image-423\" alt=\"\" src=\"https:\/\/www.arboreum.fr\/blog\/wp-content\/uploads\/2023\/03\/banniere_table_posee.jpg\" style=\"object-position:63% 86%\" data-object-fit=\"cover\" data-object-position=\"63% 86%\" srcset=\"https:\/\/www.arboreum.fr\/blog\/wp-content\/uploads\/2023\/03\/banniere_table_posee.jpg 780w, https:\/\/www.arboreum.fr\/blog\/wp-content\/uploads\/2023\/03\/banniere_table_posee-300x106.jpg 300w, https:\/\/www.arboreum.fr\/blog\/wp-content\/uploads\/2023\/03\/banniere_table_posee-768x272.jpg 768w\" sizes=\"(max-width: 780px) 100vw, 780px\" \/><div class=\"wp-block-cover__inner-container\">\n<p class=\"has-text-align-center has-large-font-size\">Porte-couteaux de luxe<\/p>\n<\/div><\/div>\n\n\n\n<hr class=\"wp-block-separator\"\/>\n\n\n\n<div class=\"wp-block-buttons is-content-justification-center\">\n<div class=\"wp-block-button is-style-outline\"><a class=\"wp-block-button__link\" href=\"https:\/\/www.arboreum.fr\/\">Achetez nos porte-couteaux<\/a><\/div>\n<\/div>\n","protected":false},"excerpt":{"rendered":"<p>Notre menuiserie est install\u00e9e dans un petit village de l&rsquo;Yonne nomm\u00e9 Orgy \u00e0 Chevannes pr\u00e8s d&rsquo;Auxerre. Nous y travaillons le bois depuis plus de 10 ans. Notre&nbsp;collection d&rsquo;essences de bois est une biblioth\u00e8que dans laquelle nous puisons notre inspiration. Elle s&rsquo;est remplie au fil des ann\u00e9es guid\u00e9 par la curiosit\u00e9 pour ajouter au fil des [&hellip;]<\/p>\n","protected":false},"author":1,"featured_media":0,"parent":0,"menu_order":0,"comment_status":"closed","ping_status":"open","template":"","meta":[],"aioseo_notices":[],"_links":{"self":[{"href":"https:\/\/www.arboreum.fr\/blog\/wp-json\/wp\/v2\/pages\/2"}],"collection":[{"href":"https:\/\/www.arboreum.fr\/blog\/wp-json\/wp\/v2\/pages"}],"about":[{"href":"https:\/\/www.arboreum.fr\/blog\/wp-json\/wp\/v2\/types\/page"}],"author":[{"embeddable":true,"href":"https:\/\/www.arboreum.fr\/blog\/wp-json\/wp\/v2\/users\/1"}],"replies":[{"embeddable":true,"href":"https:\/\/www.arboreum.fr\/blog\/wp-json\/wp\/v2\/comments?post=2"}],"version-history":[{"count":14,"href":"https:\/\/www.arboreum.fr\/blog\/wp-json\/wp\/v2\/pages\/2\/revisions"}],"predecessor-version":[{"id":429,"href":"https:\/\/www.arboreum.fr\/blog\/wp-json\/wp\/v2\/pages\/2\/revisions\/429"}],"wp:attachment":[{"href":"https:\/\/www.arboreum.fr\/blog\/wp-json\/wp\/v2\/media?parent=2"}],"curies":[{"name":"wp","href":"https:\/\/api.w.org\/{rel}","templated":true}]}}