{"id":34,"date":"2020-04-26T21:07:45","date_gmt":"2020-04-26T19:07:45","guid":{"rendered":"https:\/\/arboreum.fr\/blog\/?page_id=34"},"modified":"2020-04-26T21:10:55","modified_gmt":"2020-04-26T19:10:55","slug":"garantie-authenticite","status":"publish","type":"page","link":"https:\/\/www.arboreum.fr\/blog\/garantie-authenticite\/","title":{"rendered":"Garantie et authenticit\u00e9"},"content":{"rendered":"\n<div class=\"wp-block-image\"><figure class=\"alignleft\"><img src=\"https:\/\/www.arboreum.fr\/img\/cms\/Images\/vue_poincon_arboretum_2.jpg\" alt=\"Poi\u00e7on arboretum\"\/><figcaption>Poin\u00e7on Arboreum\u00ae<\/figcaption><\/figure><\/div>\n\n\n\n<p>Pour garantir l&rsquo;authenticit\u00e9 de nos&nbsp;<a href=\"https:\/\/www.arboreum.fr\/porte-couteaux-bois-massif-harmonium\" class=\"aioseop-link\">porte-couteaux<\/a>&nbsp;nos produits sont marqu\u00e9s avec le poin\u00e7on Arboreum\u00ae qui repr\u00e9sente un arbre stylis\u00e9.<\/p>\n\n\n\n<p>Ce poin\u00e7on est utilis\u00e9 dans le sens longitudinal&nbsp;afin de ne pas fissurer le bois ni \u00e9craser les fibres,&nbsp;il se situe \u00e0 l&rsquo;extr\u00e9mit\u00e9 des portes-couteaux, le poin\u00e7onnage de nos porte-couteaux est la derni\u00e8re \u00e9tape du processus de fabrication, il est r\u00e9alis\u00e9 par le contr\u00f4le qualit\u00e9.<\/p>\n\n\n\n<p>Le bois est un mat\u00e9riaux vivant qui bouge avec le temps, ses couleurs et ses forment peuvent varier sous l&rsquo;effet de l&rsquo;air, de l&rsquo;humidit\u00e9 et de la lumi\u00e8re. Nous vous conseillons de les entreposer dans des endroits secs \u00e0 l&rsquo;abri de la lumi\u00e8re directe.<\/p>\n\n\n\n<p>En dehors des effets naturels du temps et d&rsquo;un mauvais entretien nos&nbsp;<a href=\"https:\/\/www.arboreum.fr\/porte-couteaux-bois-massif-harmonium\">porte-couteaux<\/a>&nbsp;sont garantis 15 ans.<\/p>\n","protected":false},"excerpt":{"rendered":"<p>Pour garantir l&rsquo;authenticit\u00e9 de nos&nbsp;porte-couteaux&nbsp;nos produits sont marqu\u00e9s avec le poin\u00e7on Arboreum\u00ae qui repr\u00e9sente un arbre stylis\u00e9. Ce poin\u00e7on est utilis\u00e9 dans le sens longitudinal&nbsp;afin de ne pas fissurer le bois ni \u00e9craser les fibres,&nbsp;il se situe \u00e0 l&rsquo;extr\u00e9mit\u00e9 des portes-couteaux, le poin\u00e7onnage de nos porte-couteaux est la derni\u00e8re \u00e9tape du processus de fabrication, il [&hellip;]<\/p>\n","protected":false},"author":1,"featured_media":0,"parent":0,"menu_order":0,"comment_status":"closed","ping_status":"closed","template":"","meta":[],"aioseo_notices":[],"_links":{"self":[{"href":"https:\/\/www.arboreum.fr\/blog\/wp-json\/wp\/v2\/pages\/34"}],"collection":[{"href":"https:\/\/www.arboreum.fr\/blog\/wp-json\/wp\/v2\/pages"}],"about":[{"href":"https:\/\/www.arboreum.fr\/blog\/wp-json\/wp\/v2\/types\/page"}],"author":[{"embeddable":true,"href":"https:\/\/www.arboreum.fr\/blog\/wp-json\/wp\/v2\/users\/1"}],"replies":[{"embeddable":true,"href":"https:\/\/www.arboreum.fr\/blog\/wp-json\/wp\/v2\/comments?post=34"}],"version-history":[{"count":4,"href":"https:\/\/www.arboreum.fr\/blog\/wp-json\/wp\/v2\/pages\/34\/revisions"}],"predecessor-version":[{"id":39,"href":"https:\/\/www.arboreum.fr\/blog\/wp-json\/wp\/v2\/pages\/34\/revisions\/39"}],"wp:attachment":[{"href":"https:\/\/www.arboreum.fr\/blog\/wp-json\/wp\/v2\/media?parent=34"}],"curies":[{"name":"wp","href":"https:\/\/api.w.org\/{rel}","templated":true}]}}