{"id":48,"date":"2020-04-26T21:27:33","date_gmt":"2020-04-26T19:27:33","guid":{"rendered":"https:\/\/arboreum.fr\/blog\/?page_id=48"},"modified":"2020-04-26T21:27:49","modified_gmt":"2020-04-26T19:27:49","slug":"mentions-legales","status":"publish","type":"page","link":"https:\/\/www.arboreum.fr\/blog\/mentions-legales\/","title":{"rendered":"Mentions l\u00e9gales"},"content":{"rendered":"\n<p>ARBOREUM (www.arboreum.fr) est \u00e9dit\u00e9 par la soci\u00e9t\u00e9 ARBORETUM Conseil &amp; Services SAS dont le si\u00e8ge social est situ\u00e9 26 rue Henri Savignac, 92190 Meudon, immatricul\u00e9e sous le num\u00e9ro d&rsquo;identification unique 842 779 308 au RCS de Nanterre.<\/p>\n\n\n\n<p>Les donn\u00e9es personnelles collect\u00e9es sont uniquement destin\u00e9es \u00e0 prendre contact avec l&rsquo;utilisateur, le cas \u00e9ch\u00e9ant, pour assurer au mieux le suivi de sa commande, ainsi qu&rsquo;\u00e0 \u00e9tablir la facture qui lui est destin\u00e9e.<\/p>\n\n\n\n<p>Les informations saisies par les utilisateurs du site \u00ab www.arboreum.fr \u00bb sont susceptibles de faire l&rsquo;objet d&rsquo;un traitement informatique par ARBORETUM Conseil &amp; Services. A ce titre, les utilisateurs disposent d\u2019un droit d\u2019acc\u00e8s, de modification, de rectification et de suppression des donn\u00e9es qui les concernent (article 40 de la Loi modifi\u00e9e \u00ab Informatique et Libert\u00e9s \u00bb).<\/p>\n\n\n\n<p>Pour exercer ces droits, les utilisateurs du site \u00ab www.arboreum.fr\u00bb sont invit\u00e9s \u00e0 adresser une demande de pr\u00e9f\u00e9rence par email \u00e0 service.client@arboreum.fr, soit par courrier \u00e0 l&rsquo;adresse suivante :<\/p>\n\n\n\n<pre class=\"wp-block-preformatted\">ARBORETUM Conseil &amp; Services\nService Client\n26, rue Henri Savignac\n92 190 MEUDON<\/pre>\n\n\n\n<p><\/p>\n\n\n\n<p><\/p>\n\n\n\n<p><\/p>\n","protected":false},"excerpt":{"rendered":"<p>ARBOREUM (www.arboreum.fr) est \u00e9dit\u00e9 par la soci\u00e9t\u00e9 ARBORETUM Conseil &amp; Services SAS dont le si\u00e8ge social est situ\u00e9 26 rue Henri Savignac, 92190 Meudon, immatricul\u00e9e sous le num\u00e9ro d&rsquo;identification unique 842 779 308 au RCS de Nanterre. Les donn\u00e9es personnelles collect\u00e9es sont uniquement destin\u00e9es \u00e0 prendre contact avec l&rsquo;utilisateur, le cas \u00e9ch\u00e9ant, pour assurer au [&hellip;]<\/p>\n","protected":false},"author":1,"featured_media":0,"parent":0,"menu_order":0,"comment_status":"closed","ping_status":"closed","template":"","meta":[],"aioseo_notices":[],"_links":{"self":[{"href":"https:\/\/www.arboreum.fr\/blog\/wp-json\/wp\/v2\/pages\/48"}],"collection":[{"href":"https:\/\/www.arboreum.fr\/blog\/wp-json\/wp\/v2\/pages"}],"about":[{"href":"https:\/\/www.arboreum.fr\/blog\/wp-json\/wp\/v2\/types\/page"}],"author":[{"embeddable":true,"href":"https:\/\/www.arboreum.fr\/blog\/wp-json\/wp\/v2\/users\/1"}],"replies":[{"embeddable":true,"href":"https:\/\/www.arboreum.fr\/blog\/wp-json\/wp\/v2\/comments?post=48"}],"version-history":[{"count":1,"href":"https:\/\/www.arboreum.fr\/blog\/wp-json\/wp\/v2\/pages\/48\/revisions"}],"predecessor-version":[{"id":49,"href":"https:\/\/www.arboreum.fr\/blog\/wp-json\/wp\/v2\/pages\/48\/revisions\/49"}],"wp:attachment":[{"href":"https:\/\/www.arboreum.fr\/blog\/wp-json\/wp\/v2\/media?parent=48"}],"curies":[{"name":"wp","href":"https:\/\/api.w.org\/{rel}","templated":true}]}}