{"id":50,"date":"2020-04-26T21:29:23","date_gmt":"2020-04-26T19:29:23","guid":{"rendered":"https:\/\/arboreum.fr\/blog\/?page_id=50"},"modified":"2021-11-16T21:04:49","modified_gmt":"2021-11-16T20:04:49","slug":"entretien","status":"publish","type":"page","link":"https:\/\/www.arboreum.fr\/blog\/entretien\/","title":{"rendered":"Entretien"},"content":{"rendered":"\n<div class=\"wp-block-image\"><figure class=\"aligncenter size-full is-resized\"><img loading=\"lazy\" src=\"https:\/\/www.arboreum.fr\/blog\/wp-content\/uploads\/2021\/11\/cire-de-carnauba.jpg\" alt=\"\" class=\"wp-image-259\" width=\"362\" height=\"273\" srcset=\"https:\/\/www.arboreum.fr\/blog\/wp-content\/uploads\/2021\/11\/cire-de-carnauba.jpg 800w, https:\/\/www.arboreum.fr\/blog\/wp-content\/uploads\/2021\/11\/cire-de-carnauba-300x226.jpg 300w, https:\/\/www.arboreum.fr\/blog\/wp-content\/uploads\/2021\/11\/cire-de-carnauba-768x579.jpg 768w\" sizes=\"(max-width: 362px) 100vw, 362px\" \/><figcaption><a href=\"https:\/\/fr.wikipedia.org\/wiki\/Cire_de_carnauba\" title=\"Cire de Carnauba\">Lingot de cire de carnauba<\/a><\/figcaption><\/figure><\/div>\n\n\n\n<p>Tous nos\u00a0<a href=\"https:\/\/www.arboreum.fr\/porte-couteaux-bois-massif-harmonium\">porte-couteaux<\/a>\u00a0sont trait\u00e9s \u00e0 la cire de carnauba naturelle pour une finition et une protection id\u00e9ale du bois qui respecte sa texture et sa couleur. Le\u00a0<a href=\"https:\/\/www.arboreum.fr\/porte-couteaux-bois-massif-harmonium\">porte-couteau<\/a>\u00a0est ainsi imperm\u00e9abilis\u00e9 \u00e0 l&rsquo;eau et aux graisses, il peut donc \u00eatre lav\u00e9 simplement avec un chiffon mouill\u00e9 ou a l&rsquo;eau savonneuse.<\/p>\n\n\n\n<p>Au bout de plusieurs ann\u00e9es si vous souhaitez redonner du lustre \u00e0 vos portes couteaux nous vous conseillons comme pour un meuble de les laver \u00e0 l&rsquo;ac\u00e9tone, de les faire s\u00e9cher et des les imperm\u00e9abiliser \u00e0 nouveau \u00e0 la cire de carnauba.<\/p>\n\n\n\n<p>Pour une plus longue tenue des couleurs n&rsquo;exposez pas vos&nbsp;<a href=\"https:\/\/www.arboreum.fr\/porte-couteaux-bois-massif-harmonium\" class=\"aioseop-link\">porte-couteaux<\/a>&nbsp;\u00e0 la lumi\u00e8re directe, le bois est un mat\u00e9riaux vivant, ses pigments s&rsquo;oxydent avec le temps et plus rapidement sous l&rsquo;effet des rayonnements solaires. De m\u00eame maintenez vos&nbsp;<a href=\"https:\/\/www.arboreum.fr\/porte-couteaux-bois-massif-harmonium\" class=\"aioseop-link\">porte-couteau<\/a>&nbsp;dans un endroit \u00e0 l&rsquo;abri de l&rsquo;humidit\u00e9.<\/p>\n","protected":false},"excerpt":{"rendered":"<p>Tous nos\u00a0porte-couteaux\u00a0sont trait\u00e9s \u00e0 la cire de carnauba naturelle pour une finition et une protection id\u00e9ale du bois qui respecte sa texture et sa couleur. Le\u00a0porte-couteau\u00a0est ainsi imperm\u00e9abilis\u00e9 \u00e0 l&rsquo;eau et aux graisses, il peut donc \u00eatre lav\u00e9 simplement avec un chiffon mouill\u00e9 ou a l&rsquo;eau savonneuse. Au bout de plusieurs ann\u00e9es si vous souhaitez [&hellip;]<\/p>\n","protected":false},"author":1,"featured_media":0,"parent":0,"menu_order":0,"comment_status":"closed","ping_status":"closed","template":"","meta":[],"aioseo_notices":[],"_links":{"self":[{"href":"https:\/\/www.arboreum.fr\/blog\/wp-json\/wp\/v2\/pages\/50"}],"collection":[{"href":"https:\/\/www.arboreum.fr\/blog\/wp-json\/wp\/v2\/pages"}],"about":[{"href":"https:\/\/www.arboreum.fr\/blog\/wp-json\/wp\/v2\/types\/page"}],"author":[{"embeddable":true,"href":"https:\/\/www.arboreum.fr\/blog\/wp-json\/wp\/v2\/users\/1"}],"replies":[{"embeddable":true,"href":"https:\/\/www.arboreum.fr\/blog\/wp-json\/wp\/v2\/comments?post=50"}],"version-history":[{"count":3,"href":"https:\/\/www.arboreum.fr\/blog\/wp-json\/wp\/v2\/pages\/50\/revisions"}],"predecessor-version":[{"id":261,"href":"https:\/\/www.arboreum.fr\/blog\/wp-json\/wp\/v2\/pages\/50\/revisions\/261"}],"wp:attachment":[{"href":"https:\/\/www.arboreum.fr\/blog\/wp-json\/wp\/v2\/media?parent=50"}],"curies":[{"name":"wp","href":"https:\/\/api.w.org\/{rel}","templated":true}]}}