{"id":90,"date":"2020-05-24T21:47:46","date_gmt":"2020-05-24T19:47:46","guid":{"rendered":"https:\/\/arboreum.fr\/blog\/?page_id=90"},"modified":"2020-05-24T21:48:38","modified_gmt":"2020-05-24T19:48:38","slug":"ecologie","status":"publish","type":"page","link":"https:\/\/www.arboreum.fr\/blog\/ecologie\/","title":{"rendered":"Ecologie &#8211; notre engagement"},"content":{"rendered":"\n<h2>Le cycle de vie du bois<\/h2>\n\n\n\n<h3>L&rsquo;exploitation foresti\u00e8re<\/h3>\n\n\n\n<figure class=\"wp-block-image\"><img src=\"https:\/\/www.arboreum.fr\/img\/cms\/Images\/foret_perche_2.jpg\" alt=\"For\u00eat fran\u00e7aise\"\/><\/figure>\n\n\n\n<p>La for\u00eat est un milieu naturel ou l&rsquo;ensoleillement, la nature du terrain, l&rsquo;altitude, la temp\u00e9rature ambiante, la pollution atmosph\u00e9rique&#8230; interviennent directement sur la croissance des arbres.<\/p>\n\n\n\n<p>Les cycles de croissance des arbres est tr\u00e8s variable, de quelques ann\u00e9es \u00e0 des dizaines voir des centaines d&rsquo;ann\u00e9es, c&rsquo;est le respect de ce cycle qui permet le renouvellement de la ressource naturelle.<\/p>\n\n\n\n<p>Une fois \u00e0 maturit\u00e9 l&rsquo;arbre est abattu puis coup\u00e9es en grume.<\/p>\n\n\n\n<figure class=\"wp-block-image\"><img src=\"https:\/\/www.arboreum.fr\/img\/cms\/Images\/grumes.jpg\" alt=\"Grumes de bois\"\/><\/figure>\n\n\n\n<h3>La transformation en bois<\/h3>\n\n\n\n<p>Les grumes issues de l&rsquo;exploitation foresti\u00e8re sont d\u00e9bit\u00e9es \u00e0 la scierie en&nbsp;planches ou plateaux pour r\u00e9aliser des&nbsp;<strong>plots<\/strong>&nbsp;(grumes reconstitu\u00e9es). Le&nbsp;<strong>refilage<\/strong>&nbsp;ou d\u00e9lignage, \u00e9tape de deuxi\u00e8me transformation, consiste \u00e0 reprendre les plateaux et les re-scier dans le sens de l&rsquo;\u00e9paisseur ou de la largeur.<\/p>\n\n\n\n<figure class=\"wp-block-image\"><img src=\"https:\/\/www.arboreum.fr\/img\/cms\/Images\/bois_sechage.jpg\" alt=\"Bois en cours de s\u00eachage\"\/><\/figure>\n\n\n\n<p>L&rsquo;\u00e9tape la plus longue dans le processus de production est la p\u00e9riode de&nbsp;<strong>ressuyage<\/strong>. Pour certaines essences et dans certaines \u00e9paisseurs, cette \u00e9tape peut durer deux \u00e0 trois ann\u00e9es. Ce processus de ressuyage consiste \u00e0 laisser les bois en ext\u00e9rieur. Ainsi les effets du temps (pluie, vent et soleil) permettent d&rsquo;\u00e9vacuer l&rsquo;eau contenue dans les fibres de bois, appel\u00e9e \u00ab\u00a0eau libre\u00a0\u00bb.<\/p>\n\n\n\n<p>L&rsquo;\u00e9tape du&nbsp;<strong>s\u00e9chage<\/strong>&nbsp;est tr\u00e8s d\u00e9licate et exige une attention particuli\u00e8re. Apr\u00e8s la p\u00e9riode de ressuyage o\u00f9 le bois a perdu naturellement une partie de son \u00ab\u00a0eau libre\u00a0\u00bb, il faut ensuite le placer en s\u00e9choir pour finaliser l&rsquo;extraction de cette eau libre, tout en extrayant&nbsp; une partie de \u00ab\u00a0l&rsquo;eau li\u00e9e\u00a0\u00bb (contenue exclusivement dans les cellules, et plus difficile \u00e0 extraire).<\/p>\n\n\n\n<h3>La structure du bois<\/h3>\n\n\n\n<p>Le bois est constitu\u00e9 de 3 parties principales :&nbsp;<strong>le duramen, l&rsquo;aubier et l&rsquo;\u00e9corce<\/strong>. C&rsquo;est le duramen&nbsp;qui est plus souvent appel\u00e9 le c\u0153ur du bois que nous utilisons principalement pour la confection de nos&nbsp;<a href=\"https:\/\/www.arboreum.fr\/porte-couteaux-bois-massif-harmonium\">porte-couteaux<\/a>.<\/p>\n\n\n\n<h3>La gestion durable des for\u00eats<\/h3>\n\n\n\n<p>Pour s&rsquo;assurer une ressource renouvelable et respectueuse de l&rsquo;environnement et des soci\u00e9t\u00e9s qui les exploitent deux syst\u00e8mes de certifications foresti\u00e8res internationaux font r\u00e9f\u00e9rence :<\/p>\n\n\n\n<figure class=\"wp-block-image\"><img src=\"https:\/\/www.arboreum.fr\/img\/cms\/Images\/Logo-FSC.png\" alt=\"Logo FSC\"\/><\/figure>\n\n\n\n<p><strong>Forest Stewardship Council (FSC)<\/strong>, cr\u00e9\u00e9 en 1993 sous l\u2019impulsion d\u2019ONG (WWF, Green-peace\u2026) garantit l\u2019origine du bois exploit\u00e9 dans le respect de crit\u00e8res \u00e9cologiques et sociaux provenant d\u2019une for\u00eat FSC g\u00e9r\u00e9e durablement. Pr\u00e8s de 110 millions d\u2019Ha sont certifi\u00e9s FSC dans le monde.&nbsp;<\/p>\n\n\n\n<figure class=\"wp-block-image\"><img src=\"https:\/\/www.arboreum.fr\/img\/cms\/Images\/Logo-PEFC.png\" alt=\"Logo PEFC\"\/><\/figure>\n\n\n\n<p><strong>Le Programme de Reconnaissance des Certifications Foresti\u00e8res (PEFC)<\/strong>, certifie la bonne gestion foresti\u00e8re dans le monde et plus particuli\u00e8rement en Europe. Il couvre plus de 200 millions d\u2019Ha. En France les forestiers ont opt\u00e9 pour la certification PEFC. Plus d&rsquo;info sur : www.pefc-france.org<\/p>\n","protected":false},"excerpt":{"rendered":"<p>Le cycle de vie du bois L&rsquo;exploitation foresti\u00e8re La for\u00eat est un milieu naturel ou l&rsquo;ensoleillement, la nature du terrain, l&rsquo;altitude, la temp\u00e9rature ambiante, la pollution atmosph\u00e9rique&#8230; interviennent directement sur la croissance des arbres. Les cycles de croissance des arbres est tr\u00e8s variable, de quelques ann\u00e9es \u00e0 des dizaines voir des centaines d&rsquo;ann\u00e9es, c&rsquo;est le [&hellip;]<\/p>\n","protected":false},"author":1,"featured_media":0,"parent":0,"menu_order":0,"comment_status":"closed","ping_status":"closed","template":"","meta":[],"aioseo_notices":[],"_links":{"self":[{"href":"https:\/\/www.arboreum.fr\/blog\/wp-json\/wp\/v2\/pages\/90"}],"collection":[{"href":"https:\/\/www.arboreum.fr\/blog\/wp-json\/wp\/v2\/pages"}],"about":[{"href":"https:\/\/www.arboreum.fr\/blog\/wp-json\/wp\/v2\/types\/page"}],"author":[{"embeddable":true,"href":"https:\/\/www.arboreum.fr\/blog\/wp-json\/wp\/v2\/users\/1"}],"replies":[{"embeddable":true,"href":"https:\/\/www.arboreum.fr\/blog\/wp-json\/wp\/v2\/comments?post=90"}],"version-history":[{"count":3,"href":"https:\/\/www.arboreum.fr\/blog\/wp-json\/wp\/v2\/pages\/90\/revisions"}],"predecessor-version":[{"id":110,"href":"https:\/\/www.arboreum.fr\/blog\/wp-json\/wp\/v2\/pages\/90\/revisions\/110"}],"wp:attachment":[{"href":"https:\/\/www.arboreum.fr\/blog\/wp-json\/wp\/v2\/media?parent=90"}],"curies":[{"name":"wp","href":"https:\/\/api.w.org\/{rel}","templated":true}]}}